{"id":10070,"date":"2022-04-26T13:33:04","date_gmt":"2022-04-26T11:33:04","guid":{"rendered":"https:\/\/coverseal-us.poush-dev.be\/politique-de-confidentialite\/"},"modified":"2026-02-05T13:39:35","modified_gmt":"2026-02-05T12:39:35","slug":"politica-de-confidencialidad","status":"publish","type":"page","link":"https:\/\/www.coverseal.us\/es\/politica-de-confidencialidad\/","title":{"rendered":"Pol\u00edtica de confidencialidad"},"content":{"rendered":"<p>[et_pb_section fb_built=\u00bb1&#8243; _builder_version=\u00bb4.27.4&#8243; _module_preset=\u00bbdefault\u00bb custom_padding=\u00bb80px|6vw|40px|6vw|false|true\u00bb global_colors_info=\u00bb{}\u00bb][et_pb_row _builder_version=\u00bb4.27.4&#8243; _module_preset=\u00bbdefault\u00bb custom_margin=\u00bb|auto|0px|auto|false|false\u00bb global_colors_info=\u00bb{}\u00bb][et_pb_column type=\u00bb4_4&#8243; _builder_version=\u00bb4.27.4&#8243; _module_preset=\u00bbdefault\u00bb global_colors_info=\u00bb{}\u00bb][et_pb_text module_class=\u00bbh2-size\u00bb _builder_version=\u00bb4.27.4&#8243; _module_preset=\u00bbdefault\u00bb header_font=\u00bbLexend-Regular||||||||\u00bb header_text_color=\u00bbgcid-secondary-color\u00bb header_2_text_color=\u00bbgcid-secondary-color\u00bb global_colors_info=\u00bb{%22gcid-secondary-color%22:%91%22header_2_text_color%22,%22header_text_color%22,%22header_text_color%22%93}\u00bb]<\/p>\n<h1><span>Pol\u00edtica de confidencialidad<\/span><\/h1>\n<p>[\/et_pb_text][\/et_pb_column][\/et_pb_row][\/et_pb_section][et_pb_section fb_built=\u00bb1&#8243; _builder_version=\u00bb4.27.4&#8243; _module_preset=\u00bbdefault\u00bb background_color=\u00bbgcid-cc026ee9-2dfb-4c5b-892b-7f86cd297fec\u00bb custom_padding=\u00bb40px|6vw|80px|6vw|false|true\u00bb global_colors_info=\u00bb{%22gcid-cc026ee9-2dfb-4c5b-892b-7f86cd297fec%22:%91%22background_color%22%93}\u00bb][et_pb_row _builder_version=\u00bb4.27.4&#8243; _module_preset=\u00bbdefault\u00bb custom_margin=\u00bb|auto|1px|auto|false|false\u00bb global_colors_info=\u00bb{}\u00bb][et_pb_column type=\u00bb4_4&#8243; _builder_version=\u00bb4.27.4&#8243; _module_preset=\u00bbdefault\u00bb global_colors_info=\u00bb{}\u00bb][et_pb_text module_class=\u00bbh3-size\u00bb _builder_version=\u00bb4.27.4&#8243; _module_preset=\u00bbdefault\u00bb]<\/p>\n<h2>1. <span>Aviso legal<\/span><\/h2>\n<p>[\/et_pb_text][et_pb_text _builder_version=\u00bb4.27.4&#8243; _module_preset=\u00bbdefault\u00bb]<\/p>\n<p><span>El sitio web <\/span><a href=\"https:\/\/www.coverseal.us\/es\"> https:\/\/www.coverseal.us\/es<\/a> <span fontscheme=\"2\">pertenece y es operado por la sociedad an\u00f3nima de derecho belga Becoflex (identificada en el presente documento como \u00abCoverseal\u00bb).<\/span><\/p>\n<p><span fontscheme=\"2\">Direcci\u00f3n y sede social: 8, Route du Grand Peuplier \u2013 7110 Str\u00e9py-Bracquegnies, B\u00e9lgica.<\/span><\/p>\n<div class=\"ewa-rteLine\"><span fontscheme=\"2\">Nombre comercial: Coverseal.<\/span><\/div>\n<div class=\"ewa-rteLine\"><span fontscheme=\"2\">Tel\u00e9fono: 0032.(0)2.367.10.80.<\/span><\/div>\n<div class=\"ewa-rteLine\"><span fontscheme=\"2\">Correo electr\u00f3nico: info@coverseal.fr<\/span><\/div>\n<div class=\"ewa-rteLine\">\n<p><span fontscheme=\"2\">IVA: BE 0893.262.805.<\/p>\n<p><\/span>Las condiciones generales pueden consultarse aqu\u00ed: Condiciones generales<\/div>\n<div class=\"ewa-rteLine\"><span fontscheme=\"2\">Garant\u00eda contractual est\u00e1ndar: 2 a\u00f1os sobre el producto.<\/span><\/div>\n<div class=\"ewa-rteLine\">\n<p>Becoflex se dedica a la fabricaci\u00f3n y venta de cubiertas de seguridad para piscinas.<\/p>\n<p><span fontscheme=\"2\">Becoflex est\u00e1 asegurada con la compa\u00f1\u00eda MS Amlin.<\/span><\/div>\n<div class=\"ewa-rteLine\" fontscheme-block=\"2\"><\/div>\n<p>[\/et_pb_text][et_pb_text module_class=\u00bbh3-size\u00bb _builder_version=\u00bb4.27.4&#8243; _module_preset=\u00bbdefault\u00bb]<\/p>\n<h2>2. <span>Aplicaci\u00f3n de las condiciones generales de uso<\/span><\/h2>\n<p>[\/et_pb_text][et_pb_text _builder_version=\u00bb4.27.4&#8243; _module_preset=\u00bbdefault\u00bb custom_padding=\u00bb||0px|||\u00bb]<\/p>\n<div class=\"ewa-rteLine\">2.1 Las presentes Condiciones Generales de Uso (en adelante \u00abCGU\u00bb) definen los derechos y obligaciones que le son aplicables como usuario (en adelante \u00abUsuario\u00bb) cuando accede a nuestro sitio web (en adelante \u00abel Sitio\u00bb).<\/div>\n<div class=\"ewa-rteLine\"><\/div>\n<div class=\"ewa-rteLine\">2.2 El acceso y\/o uso del Sitio implica la aceptaci\u00f3n de las CGU y de cualquier modificaci\u00f3n que se realice en ellas, sin perjuicio de eventuales condiciones contractuales particulares aplicables.<\/div>\n<div class=\"ewa-rteLine\"><\/div>\n<div class=\"ewa-rteLine\">2.3 Coverseal se reserva el derecho, en cualquier momento y sin previo aviso, de modificar las presentes CGU. Se supone que el Usuario consulta peri\u00f3dicamente los cambios realizados en estas CGU.<\/div>\n<p>[\/et_pb_text][et_pb_text module_class=\u00bbh3-size\u00bb _builder_version=\u00bb4.27.4&#8243; _module_preset=\u00bbdefault\u00bb]<\/p>\n<h2>3. <span>Accesibilidad<\/span><\/h2>\n<p>[\/et_pb_text][et_pb_text _builder_version=\u00bb4.27.4&#8243; _module_preset=\u00bbdefault\u00bb custom_padding=\u00bb||6px|||\u00bb locked=\u00bboff\u00bb]<\/p>\n<p><span>3.1 Coverseal se reserva el derecho de realizar modificaciones o correcciones en el sitio web, as\u00ed como en la informaci\u00f3n contenida en \u00e9l, de eliminar informaci\u00f3n del sitio web y\/o de interrumpir o suspender total o parcialmente las funcionalidades del sitio web o el acceso al mismo (por motivos de mantenimiento u otros fines t\u00e9cnicos y operativos).<\/span><\/p>\n<p>[\/et_pb_text][et_pb_text module_class=\u00bbh3-size\u00bb _builder_version=\u00bb4.27.4&#8243; _module_preset=\u00bbdefault\u00bb]<\/p>\n<h2>4. <span>Uso del sitio<\/span><\/h2>\n<p>[\/et_pb_text][et_pb_text _builder_version=\u00bb4.27.4&#8243; _module_preset=\u00bbdefault\u00bb locked=\u00bboff\u00bb]<\/p>\n<p><span>4.1 El Usuario reconoce que \u00fanicamente est\u00e1 autorizado a utilizar el sitio web para buscar informaci\u00f3n, realizar solicitudes o efectuar pedidos. El Usuario se compromete a no utilizar el sitio web para otros fines, especialmente con fines il\u00edcitos o que puedan atentar contra las buenas costumbres, la integridad, la seguridad o la reputaci\u00f3n del sitio web o los derechos de Coverseal o de terceros.<\/span><\/p>\n<p>[\/et_pb_text][et_pb_text module_class=\u00bbh3-size\u00bb _builder_version=\u00bb4.27.4&#8243; _module_preset=\u00bbdefault\u00bb]<\/p>\n<h2>5. <span>Responsabilidad<\/span><\/h2>\n<p>[\/et_pb_text][et_pb_text _builder_version=\u00bb4.27.4&#8243; _module_preset=\u00bbdefault\u00bb locked=\u00bboff\u00bb]<\/p>\n<div class=\"ewa-rteLine\">\n<p>5.1 Toda la informaci\u00f3n contenida en el sitio web de Coverseal es de car\u00e1cter general y se proporciona fuera de cualquier relaci\u00f3n contractual con Coverseal. Dicha informaci\u00f3n no puede considerarse un consejo personal, profesional o jur\u00eddico para el Usuario.<\/p>\n<p>5.2 Coverseal pone en marcha medios razonables para garantizar la exactitud de esta informaci\u00f3n, pero no garantiza que est\u00e9 libre de errores u omisiones.<\/p>\n<p>5.3 Coverseal no ser\u00e1 responsable (salvo en caso de culpa grave o intencional de su parte) de los da\u00f1os directos o indirectos (excepto da\u00f1os corporales causados al Usuario) que pudieran derivarse de:<\/p><\/div>\n<ul>\n<li class=\"ewa-rteLine\">el uso de la informaci\u00f3n proporcionada en el sitio,<\/li>\n<li class=\"ewa-rteLine\">el hecho de que cierta informaci\u00f3n sea incorrecta, incompleta o no est\u00e9 disponible,<\/li>\n<li class=\"ewa-rteLine\">el uso del sitio o la imposibilidad de utilizarlo,<\/li>\n<li class=\"ewa-rteLine\">el uso fraudulento de su sitio web por parte de usuarios o terceros,<\/li>\n<li class=\"ewa-rteLine\">la transmisi\u00f3n de virus u otros programas maliciosos al Usuario a trav\u00e9s del sitio web.<\/li>\n<\/ul>\n<p>[\/et_pb_text][et_pb_text module_class=\u00bbh3-size\u00bb _builder_version=\u00bb4.27.4&#8243; _module_preset=\u00bbdefault\u00bb]<\/p>\n<h2>6. <span> Propiedad intelectual<\/span><\/h2>\n<p>[\/et_pb_text][et_pb_text _builder_version=\u00bb4.27.4&#8243; _module_preset=\u00bbdefault\u00bb locked=\u00bboff\u00bb]<\/p>\n<div class=\"ewa-rteLine\">\n<p>6.1 El sitio web y todos sus componentes est\u00e1n protegidos por derechos de propiedad intelectual. En particular, los nombres, logotipos y dem\u00e1s signos distintivos de Coverseal, de sus socios o de terceros presentes en el sitio pueden estar protegidos por la legislaci\u00f3n de marcas. La presentaci\u00f3n del sitio, los contenidos editoriales, textos, im\u00e1genes, fotograf\u00edas o contenidos audiovisuales del sitio est\u00e1n protegidos por derechos de autor.<\/p>\n<p>6.2 Salvo excepci\u00f3n legal, queda prohibida cualquier reproducci\u00f3n total o parcial y\/o comunicaci\u00f3n p\u00fablica de los elementos presentes en el sitio sin la autorizaci\u00f3n previa y por escrito de Coverseal.<\/p>\n<p>6.3 El Usuario se compromete a no eliminar, alterar u ocultar cualquier aviso de copyright o de protecci\u00f3n por derechos de propiedad intelectual que figure en el sitio.<\/p><\/div>\n<p>[\/et_pb_text][et_pb_text module_class=\u00bbh3-size\u00bb _builder_version=\u00bb4.27.4&#8243; _module_preset=\u00bbdefault\u00bb]<\/p>\n<h2>7. <span>Tratamiento de datos personales y cookies<\/span><\/h2>\n<p>[\/et_pb_text][et_pb_text _builder_version=\u00bb4.27.4&#8243; _module_preset=\u00bbdefault\u00bb locked=\u00bboff\u00bb]<\/p>\n<div class=\"ewa-rteLine\">\n<p>7.1 Coverseal utiliza los datos que el Usuario proporciona a trav\u00e9s del formulario de contacto del sitio o por correo electr\u00f3nico para responder a sus preguntas, solicitudes de oferta o de cita.<\/p>\n<p>7.2 Los datos personales que el Usuario proporciona se tratan de acuerdo con la Pol\u00edtica de Privacidad de Coverseal, disponible aqu\u00ed: <a href=\"https:\/\/www.coverseal.us\/conditions-generales\/\" target=\"_blank\" rel=\"noopener\">Politica de Privacidad<\/a><\/p>\n<p>7.3 Coverseal tambi\u00e9n instala cookies en el sitio. Estas cookies son colocadas por terceros con los que colaboramos. La informaci\u00f3n sobre las cookies y su aceptaci\u00f3n o rechazo por parte del Usuario tambi\u00e9n se regula mediante nuestra Pol\u00edtica de Privacidad, disponible aqu\u00ed: Pol\u00edtica de Privacidad.<\/p>\n<p>7.4 Autorizaci\u00f3n Bluetooth Low Energy (BLE) y de localizaci\u00f3n<\/p>\n<p>Nuestra aplicaci\u00f3n utiliza la tecnolog\u00eda Bluetooth Low Energy (BLE) para conectarse a dispositivos cercanos. BLE requiere el acceso a los servicios de localizaci\u00f3n para realizar escaneos, aunque no rastreamos ni almacenamos ning\u00fan dato de ubicaci\u00f3n. Los permisos de localizaci\u00f3n se solicitan \u00fanicamente para facilitar la comunicaci\u00f3n mediante BLE, y su ubicaci\u00f3n no se almacena ni utiliza para otros fines. Puede gestionar o revocar los permisos de Bluetooth y localizaci\u00f3n en cualquier momento a trav\u00e9s de la configuraci\u00f3n de su dispositivo.<\/p><\/div>\n<p>[\/et_pb_text][et_pb_text module_class=\u00bbh3-size\u00bb _builder_version=\u00bb4.27.4&#8243; _module_preset=\u00bbdefault\u00bb]<\/p>\n<h2>8. <span>Condiciones generales<\/span><\/h2>\n<p>[\/et_pb_text][et_pb_text _builder_version=\u00bb4.27.4&#8243; _module_preset=\u00bbdefault\u00bb locked=\u00bboff\u00bb]<\/p>\n<p>8.1 <span>Toda venta o prestaci\u00f3n de servicios de Coverseal se rige por las condiciones generales de venta de Coverseal, disponibles aqu\u00ed: Condiciones generales.<\/span><\/p>\n<p>[\/et_pb_text][et_pb_text module_class=\u00bbh3-size\u00bb _builder_version=\u00bb4.27.4&#8243; _module_preset=\u00bbdefault\u00bb]<\/p>\n<h2>9. <span>Varios<\/span><\/h2>\n<p>[\/et_pb_text][et_pb_text _builder_version=\u00bb4.27.4&#8243; _module_preset=\u00bbdefault\u00bb locked=\u00bboff\u00bb]<\/p>\n<div class=\"ewa-rteLine\">\n<p>9.1 La nulidad o el car\u00e1cter inaplicable de cualquiera de las disposiciones de las presentes CGU no afectar\u00e1 a la validez de las dem\u00e1s disposiciones.<\/p>\n<p>9.2 Toda comunicaci\u00f3n o reclamaci\u00f3n relativa al sitio web o a las presentes condiciones de uso deber\u00e1 dirigirse por correo electr\u00f3nico a <a href=\"mailto:rgpd@coverseal.com\">rgpd@coverseal.com<\/a>.<\/p>\n<p>9.3 La falta de ejercicio por parte de Coverseal de un derecho derivado de las presentes CGU no constituir\u00e1 una renuncia a dicho derecho.<\/p><\/div>\n<p>[\/et_pb_text][et_pb_text module_class=\u00bbh3-size\u00bb _builder_version=\u00bb4.27.4&#8243; _module_preset=\u00bbdefault\u00bb]<\/p>\n<h2>10. <span>Ley aplicable y jurisdicci\u00f3n<\/span><\/h2>\n<p>[\/et_pb_text][et_pb_text _builder_version=\u00bb4.27.4&#8243; _module_preset=\u00bbdefault\u00bb locked=\u00bboff\u00bb]<\/p>\n<p><span>Las presentes CGU se rigen por el derecho belga, sin tener en cuenta las disposiciones sobre conflicto de leyes. Cualquier controversia derivada de las presentes CGU o relacionada con ellas se someter\u00e1 a los tribunales del distrito de Bruselas.<\/span><\/p>\n<p>[\/et_pb_text][\/et_pb_column][\/et_pb_row][\/et_pb_section]<\/p>\n","protected":false},"excerpt":{"rendered":"<p>Pol\u00edtica de confidencialidad1. Aviso legalEl sitio web https:\/\/www.coverseal.us\/es pertenece y es operado por la sociedad an\u00f3nima de derecho belga Becoflex (identificada en el presente documento como \u00abCoverseal\u00bb). Direcci\u00f3n y sede social: 8, Route du Grand Peuplier \u2013 7110 Str\u00e9py-Bracquegnies, B\u00e9lgica. Nombre comercial: Coverseal. Tel\u00e9fono: 0032.(0)2.367.10.80. Correo electr\u00f3nico: info@coverseal.fr IVA: BE 0893.262.805. Las condiciones generales pueden consultarse aqu\u00ed: Condiciones generales Garant\u00eda contractual est\u00e1ndar: 2 a\u00f1os sobre el producto. Becoflex se dedica a la fabricaci\u00f3n y venta de cubiertas de seguridad para piscinas. Becoflex est\u00e1 asegurada con la compa\u00f1\u00eda MS Amlin. 2. Aplicaci\u00f3n de las condiciones generales de uso2.1 Las presentes Condiciones Generales de Uso (en adelante \u00abCGU\u00bb) definen los derechos y obligaciones que le son aplicables como usuario (en adelante \u00abUsuario\u00bb) cuando accede a nuestro sitio web (en adelante \u00abel Sitio\u00bb). 2.2 El acceso y\/o uso del Sitio implica la aceptaci\u00f3n de las CGU y de cualquier modificaci\u00f3n que se realice en ellas, sin perjuicio de eventuales condiciones contractuales particulares aplicables. 2.3 Coverseal se reserva el derecho, en cualquier momento y sin previo aviso, de modificar las presentes CGU. Se supone que el Usuario consulta peri\u00f3dicamente los cambios realizados en estas CGU.3. Accesibilidad3.1 Coverseal se reserva el derecho de realizar modificaciones [&hellip;]<\/p>\n","protected":false},"author":3,"featured_media":0,"parent":0,"menu_order":1000,"comment_status":"closed","ping_status":"closed","template":"","meta":{"_et_pb_use_builder":"on","_et_pb_old_content":"","_et_gb_content_width":"","footnotes":""},"class_list":["post-10070","page","type-page","status-publish","hentry"],"yoast_head":"<!-- This site is optimized with the Yoast SEO plugin v27.5 - https:\/\/yoast.com\/product\/yoast-seo-wordpress\/ -->\n<title>Pol\u00edtica de confidencialidad | Coverseal<\/title>\n<meta name=\"robots\" content=\"index, follow, max-snippet:-1, max-image-preview:large, max-video-preview:-1\" \/>\n<link rel=\"canonical\" href=\"https:\/\/www.coverseal.us\/es\/politica-de-confidencialidad\/\" \/>\n<meta property=\"og:locale\" content=\"es_ES\" \/>\n<meta property=\"og:type\" content=\"article\" \/>\n<meta property=\"og:title\" content=\"Pol\u00edtica de confidencialidad | Coverseal\" \/>\n<meta property=\"og:description\" content=\"Pol\u00edtica de confidencialidad1. Aviso legalEl sitio web https:\/\/www.coverseal.us\/es pertenece y es operado por la sociedad an\u00f3nima de derecho belga Becoflex (identificada en el presente documento como \u00abCoverseal\u00bb). Direcci\u00f3n y sede social: 8, Route du Grand Peuplier \u2013 7110 Str\u00e9py-Bracquegnies, B\u00e9lgica. Nombre comercial: Coverseal. Tel\u00e9fono: 0032.(0)2.367.10.80. Correo electr\u00f3nico: info@coverseal.fr IVA: BE 0893.262.805. Las condiciones generales pueden consultarse aqu\u00ed: Condiciones generales Garant\u00eda contractual est\u00e1ndar: 2 a\u00f1os sobre el producto. Becoflex se dedica a la fabricaci\u00f3n y venta de cubiertas de seguridad para piscinas. Becoflex est\u00e1 asegurada con la compa\u00f1\u00eda MS Amlin. 2. Aplicaci\u00f3n de las condiciones generales de uso2.1 Las presentes Condiciones Generales de Uso (en adelante \u00abCGU\u00bb) definen los derechos y obligaciones que le son aplicables como usuario (en adelante \u00abUsuario\u00bb) cuando accede a nuestro sitio web (en adelante \u00abel Sitio\u00bb). 2.2 El acceso y\/o uso del Sitio implica la aceptaci\u00f3n de las CGU y de cualquier modificaci\u00f3n que se realice en ellas, sin perjuicio de eventuales condiciones contractuales particulares aplicables. 2.3 Coverseal se reserva el derecho, en cualquier momento y sin previo aviso, de modificar las presentes CGU. Se supone que el Usuario consulta peri\u00f3dicamente los cambios realizados en estas CGU.3. Accesibilidad3.1 Coverseal se reserva el derecho de realizar modificaciones [&hellip;]\" \/>\n<meta property=\"og:url\" content=\"https:\/\/www.coverseal.us\/es\/politica-de-confidencialidad\/\" \/>\n<meta property=\"og:site_name\" content=\"Coverseal\" \/>\n<meta property=\"article:modified_time\" content=\"2026-02-05T12:39:35+00:00\" \/>\n<meta name=\"twitter:card\" content=\"summary_large_image\" \/>\n<meta name=\"twitter:label1\" content=\"Tiempo de lectura\" \/>\n\t<meta name=\"twitter:data1\" content=\"5 minutos\" \/>\n<script type=\"application\/ld+json\" class=\"yoast-schema-graph\">{\"@context\":\"https:\\\/\\\/schema.org\",\"@graph\":[{\"@type\":\"WebPage\",\"@id\":\"https:\\\/\\\/www.coverseal.us\\\/es\\\/politica-de-confidencialidad\\\/\",\"url\":\"https:\\\/\\\/www.coverseal.us\\\/es\\\/politica-de-confidencialidad\\\/\",\"name\":\"Pol\u00edtica de confidencialidad | Coverseal\",\"isPartOf\":{\"@id\":\"https:\\\/\\\/www.coverseal.us\\\/es\\\/#website\"},\"datePublished\":\"2022-04-26T11:33:04+00:00\",\"dateModified\":\"2026-02-05T12:39:35+00:00\",\"breadcrumb\":{\"@id\":\"https:\\\/\\\/www.coverseal.us\\\/es\\\/politica-de-confidencialidad\\\/#breadcrumb\"},\"inLanguage\":\"es\",\"potentialAction\":[{\"@type\":\"ReadAction\",\"target\":[\"https:\\\/\\\/www.coverseal.us\\\/es\\\/politica-de-confidencialidad\\\/\"]}]},{\"@type\":\"BreadcrumbList\",\"@id\":\"https:\\\/\\\/www.coverseal.us\\\/es\\\/politica-de-confidencialidad\\\/#breadcrumb\",\"itemListElement\":[{\"@type\":\"ListItem\",\"position\":1,\"name\":\"Accueil\",\"item\":\"https:\\\/\\\/www.coverseal.us\\\/es\\\/\"},{\"@type\":\"ListItem\",\"position\":2,\"name\":\"Pol\u00edtica de confidencialidad\"}]},{\"@type\":\"WebSite\",\"@id\":\"https:\\\/\\\/www.coverseal.us\\\/es\\\/#website\",\"url\":\"https:\\\/\\\/www.coverseal.us\\\/es\\\/\",\"name\":\"Coverseal\",\"description\":\"\",\"potentialAction\":[{\"@type\":\"SearchAction\",\"target\":{\"@type\":\"EntryPoint\",\"urlTemplate\":\"https:\\\/\\\/www.coverseal.us\\\/es\\\/?s={search_term_string}\"},\"query-input\":{\"@type\":\"PropertyValueSpecification\",\"valueRequired\":true,\"valueName\":\"search_term_string\"}}],\"inLanguage\":\"es\"}]}<\/script>\n<!-- \/ Yoast SEO plugin. -->","yoast_head_json":{"title":"Pol\u00edtica de confidencialidad | Coverseal","robots":{"index":"index","follow":"follow","max-snippet":"max-snippet:-1","max-image-preview":"max-image-preview:large","max-video-preview":"max-video-preview:-1"},"canonical":"https:\/\/www.coverseal.us\/es\/politica-de-confidencialidad\/","og_locale":"es_ES","og_type":"article","og_title":"Pol\u00edtica de confidencialidad | Coverseal","og_description":"Pol\u00edtica de confidencialidad1. Aviso legalEl sitio web https:\/\/www.coverseal.us\/es pertenece y es operado por la sociedad an\u00f3nima de derecho belga Becoflex (identificada en el presente documento como \u00abCoverseal\u00bb). Direcci\u00f3n y sede social: 8, Route du Grand Peuplier \u2013 7110 Str\u00e9py-Bracquegnies, B\u00e9lgica. Nombre comercial: Coverseal. Tel\u00e9fono: 0032.(0)2.367.10.80. Correo electr\u00f3nico: info@coverseal.fr IVA: BE 0893.262.805. Las condiciones generales pueden consultarse aqu\u00ed: Condiciones generales Garant\u00eda contractual est\u00e1ndar: 2 a\u00f1os sobre el producto. Becoflex se dedica a la fabricaci\u00f3n y venta de cubiertas de seguridad para piscinas. Becoflex est\u00e1 asegurada con la compa\u00f1\u00eda MS Amlin. 2. Aplicaci\u00f3n de las condiciones generales de uso2.1 Las presentes Condiciones Generales de Uso (en adelante \u00abCGU\u00bb) definen los derechos y obligaciones que le son aplicables como usuario (en adelante \u00abUsuario\u00bb) cuando accede a nuestro sitio web (en adelante \u00abel Sitio\u00bb). 2.2 El acceso y\/o uso del Sitio implica la aceptaci\u00f3n de las CGU y de cualquier modificaci\u00f3n que se realice en ellas, sin perjuicio de eventuales condiciones contractuales particulares aplicables. 2.3 Coverseal se reserva el derecho, en cualquier momento y sin previo aviso, de modificar las presentes CGU. Se supone que el Usuario consulta peri\u00f3dicamente los cambios realizados en estas CGU.3. Accesibilidad3.1 Coverseal se reserva el derecho de realizar modificaciones [&hellip;]","og_url":"https:\/\/www.coverseal.us\/es\/politica-de-confidencialidad\/","og_site_name":"Coverseal","article_modified_time":"2026-02-05T12:39:35+00:00","twitter_card":"summary_large_image","twitter_misc":{"Tiempo de lectura":"5 minutos"},"schema":{"@context":"https:\/\/schema.org","@graph":[{"@type":"WebPage","@id":"https:\/\/www.coverseal.us\/es\/politica-de-confidencialidad\/","url":"https:\/\/www.coverseal.us\/es\/politica-de-confidencialidad\/","name":"Pol\u00edtica de confidencialidad | Coverseal","isPartOf":{"@id":"https:\/\/www.coverseal.us\/es\/#website"},"datePublished":"2022-04-26T11:33:04+00:00","dateModified":"2026-02-05T12:39:35+00:00","breadcrumb":{"@id":"https:\/\/www.coverseal.us\/es\/politica-de-confidencialidad\/#breadcrumb"},"inLanguage":"es","potentialAction":[{"@type":"ReadAction","target":["https:\/\/www.coverseal.us\/es\/politica-de-confidencialidad\/"]}]},{"@type":"BreadcrumbList","@id":"https:\/\/www.coverseal.us\/es\/politica-de-confidencialidad\/#breadcrumb","itemListElement":[{"@type":"ListItem","position":1,"name":"Accueil","item":"https:\/\/www.coverseal.us\/es\/"},{"@type":"ListItem","position":2,"name":"Pol\u00edtica de confidencialidad"}]},{"@type":"WebSite","@id":"https:\/\/www.coverseal.us\/es\/#website","url":"https:\/\/www.coverseal.us\/es\/","name":"Coverseal","description":"","potentialAction":[{"@type":"SearchAction","target":{"@type":"EntryPoint","urlTemplate":"https:\/\/www.coverseal.us\/es\/?s={search_term_string}"},"query-input":{"@type":"PropertyValueSpecification","valueRequired":true,"valueName":"search_term_string"}}],"inLanguage":"es"}]}},"_links":{"self":[{"href":"https:\/\/www.coverseal.us\/es\/wp-json\/wp\/v2\/pages\/10070","targetHints":{"allow":["GET"]}}],"collection":[{"href":"https:\/\/www.coverseal.us\/es\/wp-json\/wp\/v2\/pages"}],"about":[{"href":"https:\/\/www.coverseal.us\/es\/wp-json\/wp\/v2\/types\/page"}],"author":[{"embeddable":true,"href":"https:\/\/www.coverseal.us\/es\/wp-json\/wp\/v2\/users\/3"}],"replies":[{"embeddable":true,"href":"https:\/\/www.coverseal.us\/es\/wp-json\/wp\/v2\/comments?post=10070"}],"version-history":[{"count":8,"href":"https:\/\/www.coverseal.us\/es\/wp-json\/wp\/v2\/pages\/10070\/revisions"}],"predecessor-version":[{"id":10858,"href":"https:\/\/www.coverseal.us\/es\/wp-json\/wp\/v2\/pages\/10070\/revisions\/10858"}],"wp:attachment":[{"href":"https:\/\/www.coverseal.us\/es\/wp-json\/wp\/v2\/media?parent=10070"}],"curies":[{"name":"wp","href":"https:\/\/api.w.org\/{rel}","templated":true}]}}